{"id":1092,"date":"2023-11-11T04:09:57","date_gmt":"2023-11-11T04:09:57","guid":{"rendered":"https:\/\/radicalreality.org\/?page_id=1092"},"modified":"2024-02-13T02:08:23","modified_gmt":"2024-02-13T02:08:23","slug":"home_exc","status":"publish","type":"page","link":"https:\/\/radicalreality.org\/index.php\/home_exc\/","title":{"rendered":"Excursiones"},"content":{"rendered":"\t\t<div data-elementor-type=\"wp-page\" data-elementor-id=\"1092\" class=\"elementor elementor-1092\">\n\t\t\t\t\t\t\t<div class=\"e-con-top elementor-element elementor-element-a9cdbe0 rey-section-stretched e-flex e-con-boxed e-con e-parent\" data-id=\"a9cdbe0\" data-element_type=\"container\" data-settings=\"{&quot;background_background&quot;:&quot;classic&quot;,&quot;content_width&quot;:&quot;boxed&quot;}\" data-core-v316-plus=\"true\">\n\t\t\t\t\t<div class=\"e-con-inner\">\n\t\t\t\t<div class=\"elementor-element elementor-element-a395bc9 elementor-widget elementor-widget-heading\" data-id=\"a395bc9\" data-element_type=\"widget\" data-widget_type=\"heading.default\">\n\t\t\t\t<div class=\"elementor-widget-container\">\n\t\t\t<style>\/*! elementor - v3.17.0 - 08-11-2023 *\/\n.elementor-heading-title{padding:0;margin:0;line-height:1}.elementor-widget-heading .elementor-heading-title[class*=elementor-size-]>a{color:inherit;font-size:inherit;line-height:inherit}.elementor-widget-heading .elementor-heading-title.elementor-size-small{font-size:15px}.elementor-widget-heading .elementor-heading-title.elementor-size-medium{font-size:19px}.elementor-widget-heading .elementor-heading-title.elementor-size-large{font-size:29px}.elementor-widget-heading .elementor-heading-title.elementor-size-xl{font-size:39px}.elementor-widget-heading .elementor-heading-title.elementor-size-xxl{font-size:59px}<\/style><h2 class=\"elementor-heading-title elementor-size-default\">Excursi\u00f3n Veracruz<\/h2>\t\t<\/div>\n\t\t\t\t<\/div>\n\t\t\t\t\t<\/div>\n\t\t\t\t<\/div>\n\t\t<div class=\"e-con-top elementor-element elementor-element-08f4c3d e-flex e-con-boxed e-con e-parent\" data-id=\"08f4c3d\" data-element_type=\"container\" data-settings=\"{&quot;content_width&quot;:&quot;boxed&quot;}\" data-core-v316-plus=\"true\">\n\t\t\t\t\t<div class=\"e-con-inner\">\n\t\t<div class=\"elementor-element elementor-element-775f24c e-con-full e-flex e-con e-child\" data-id=\"775f24c\" data-element_type=\"container\" data-settings=\"{&quot;content_width&quot;:&quot;full&quot;}\">\n\t\t\t\t<div class=\"elementor-element elementor-element-ecebcbe elementor-widget elementor-widget-heading\" data-id=\"ecebcbe\" data-element_type=\"widget\" data-widget_type=\"heading.default\">\n\t\t\t\t<div class=\"elementor-widget-container\">\n\t\t\t<h2 class=\"elementor-heading-title elementor-size-default\">Trip Overview<\/h2>\t\t<\/div>\n\t\t\t\t<\/div>\n\t\t<div class=\"elementor-element elementor-element-51fac21 e-flex e-con-boxed e-con e-child\" data-id=\"51fac21\" data-element_type=\"container\" data-settings=\"{&quot;content_width&quot;:&quot;boxed&quot;}\">\n\t\t\t\t\t<div class=\"e-con-inner\">\n\t\t\t\t<div class=\"elementor-element elementor-element-45dfd4f elementor-widget elementor-widget-heading\" data-id=\"45dfd4f\" data-element_type=\"widget\" data-widget_type=\"heading.default\">\n\t\t\t\t<div class=\"elementor-widget-container\">\n\t\t\t<p class=\"elementor-heading-title elementor-size-default\">\u00a1Explora las profundidades del Golfo de M\u00e9xico con nuestra emocionante excursi\u00f3n de buceo en Veracruz! Sum\u00e9rgete en las aguas cristalinas y descubre un mundo submarino lleno de coloridos arrecifes de coral, fascinantes criaturas marinas y antiguos naufragios.\n<br><br>\nNuestro itinerario de buceo te llevar\u00e1 a los espectaculares Arrecifes de Veracruz y al impresionante Parque Nacional Sistema Arrecifal Veracruzano, donde tendr\u00e1s la oportunidad de bucear entre una incre\u00edble diversidad de especies marinas, desde peces tropicales hasta tortugas marinas y mantarrayas.\n<br><br>\nNuestro equipo de expertos instructores de buceo te guiar\u00e1 en cada inmersi\u00f3n, asegur\u00e1ndose de que tengas una experiencia segura y memorable. Ya seas un buzo experimentado o est\u00e9s dando tus primeros pasos en el mundo del buceo, nuestro tour est\u00e1 dise\u00f1ado para adaptarse a todos los niveles de habilidad.\n<br><br>\nAdem\u00e1s del emocionante buceo, tendr\u00e1s la oportunidad de explorar la encantadora ciudad de Veracruz, con su rica historia, vibrante cultura y deliciosa gastronom\u00eda. Desde pasear por el pintoresco centro hist\u00f3rico hasta disfrutar de la vida nocturna en el Malec\u00f3n, hay algo para todos los gustos.\n<br><br>\n\u00danete a nosotros para una aventura inolvidable bajo el mar y en tierra firme en Veracruz. \u00a1Reserva tu lugar ahora y prep\u00e1rate para sumergirte en una experiencia \u00fanica de buceo y exploraci\u00f3n!<\/p>\t\t<\/div>\n\t\t\t\t<\/div>\n\t\t\t\t<div class=\"elementor-element elementor-element-531d701 elementor-widget elementor-widget-image\" data-id=\"531d701\" data-element_type=\"widget\" data-widget_type=\"image.default\">\n\t\t\t\t<div class=\"elementor-widget-container\">\n\t\t\t<style>\/*! elementor - v3.17.0 - 08-11-2023 *\/\n.elementor-widget-image{text-align:center}.elementor-widget-image a{display:inline-block}.elementor-widget-image a img[src$=\".svg\"]{width:48px}.elementor-widget-image img{vertical-align:middle;display:inline-block}<\/style>\t\t\t\t\t\t\t\t\t\t\t\t<img fetchpriority=\"high\" decoding=\"async\" width=\"1024\" height=\"683\" src=\"https:\/\/radicalreality.org\/wp-content\/uploads\/2023\/11\/DSC00049-2-1024x683.jpg\" class=\"attachment-large size-large wp-image-346\" alt=\"\" srcset=\"https:\/\/radicalreality.org\/wp-content\/uploads\/2023\/11\/DSC00049-2-1024x683.jpg 1024w, https:\/\/radicalreality.org\/wp-content\/uploads\/2023\/11\/DSC00049-2-300x200.jpg 300w, https:\/\/radicalreality.org\/wp-content\/uploads\/2023\/11\/DSC00049-2-768x512.jpg 768w, https:\/\/radicalreality.org\/wp-content\/uploads\/2023\/11\/DSC00049-2-1536x1024.jpg 1536w, https:\/\/radicalreality.org\/wp-content\/uploads\/2023\/11\/DSC00049-2-2048x1365.jpg 2048w, https:\/\/radicalreality.org\/wp-content\/uploads\/2023\/11\/DSC00049-2-1320x880.jpg 1320w, https:\/\/radicalreality.org\/wp-content\/uploads\/2023\/11\/DSC00049-2-600x400.jpg 600w\" sizes=\"(max-width: 1024px) 100vw, 1024px\" \/>\t\t\t\t\t\t\t\t\t\t\t\t\t\t\t<\/div>\n\t\t\t\t<\/div>\n\t\t\t\t\t<\/div>\n\t\t\t\t<\/div>\n\t\t<div class=\"elementor-element elementor-element-1bbf2ad e-con-full e-flex e-con e-child\" data-id=\"1bbf2ad\" data-element_type=\"container\" data-settings=\"{&quot;content_width&quot;:&quot;full&quot;}\">\n\t\t\t\t<\/div>\n\t\t\t\t<\/div>\n\t\t<div class=\"elementor-element elementor-element-1c81c13 e-con-full e-flex e-con e-child\" data-id=\"1c81c13\" data-element_type=\"container\" data-settings=\"{&quot;content_width&quot;:&quot;full&quot;}\">\n\t\t\t\t<div class=\"elementor-element elementor-element-e85735b elementor-icon-list--layout-inline elementor-list-item-link-full_width elementor-widget elementor-widget-icon-list\" data-id=\"e85735b\" data-element_type=\"widget\" data-widget_type=\"icon-list.default\">\n\t\t\t\t<div class=\"elementor-widget-container\">\n\t\t\t<link rel=\"stylesheet\" href=\"https:\/\/radicalreality.org\/wp-content\/plugins\/elementor\/assets\/css\/widget-icon-list.min.css\">\t\t<ul class=\"elementor-icon-list-items elementor-inline-items\">\n\t\t\t\t\t\t\t<li class=\"elementor-icon-list-item elementor-inline-item\">\n\t\t\t\t\t\t\t\t\t\t\t<span class=\"elementor-icon-list-icon\">\n\t\t\t\t\t\t\t<i aria-hidden=\"true\" class=\"far fa-calendar\"><\/i>\t\t\t\t\t\t<\/span>\n\t\t\t\t\t\t\t\t\t\t<span class=\"elementor-icon-list-text\">5 d\u00edas<\/span>\n\t\t\t\t\t\t\t\t\t<\/li>\n\t\t\t\t\t\t\t\t<li class=\"elementor-icon-list-item elementor-inline-item\">\n\t\t\t\t\t\t\t\t\t\t\t<span class=\"elementor-icon-list-icon\">\n\t\t\t\t\t\t\t<i aria-hidden=\"true\" class=\"fas fa-fish\"><\/i>\t\t\t\t\t\t<\/span>\n\t\t\t\t\t\t\t\t\t\t<span class=\"elementor-icon-list-text\">Costa de Veracruz<\/span>\n\t\t\t\t\t\t\t\t\t<\/li>\n\t\t\t\t\t\t<\/ul>\n\t\t\t\t<\/div>\n\t\t\t\t<\/div>\n\t\t\t\t<div class=\"elementor-element elementor-element-fff198a elementor-widget elementor-widget-heading\" data-id=\"fff198a\" data-element_type=\"widget\" data-widget_type=\"heading.default\">\n\t\t\t\t<div class=\"elementor-widget-container\">\n\t\t\t<h2 class=\"elementor-heading-title elementor-size-default\">Desde <\/h2>\t\t<\/div>\n\t\t\t\t<\/div>\n\t\t\t\t<div class=\"elementor-element elementor-element-e56496b elementor-widget elementor-widget-heading\" data-id=\"e56496b\" data-element_type=\"widget\" data-widget_type=\"heading.default\">\n\t\t\t\t<div class=\"elementor-widget-container\">\n\t\t\t<h2 class=\"elementor-heading-title elementor-size-default\">MX $ 8,000.00<\/h2>\t\t<\/div>\n\t\t\t\t<\/div>\n\t\t\t\t<div class=\"elementor-element elementor-element-0846e0f elementor-widget elementor-widget-heading\" data-id=\"0846e0f\" data-element_type=\"widget\" data-widget_type=\"heading.default\">\n\t\t\t\t<div class=\"elementor-widget-container\">\n\t\t\t<h2 class=\"elementor-heading-title elementor-size-default\">Estaba desde MX $ 15,000.00<\/h2>\t\t<\/div>\n\t\t\t\t<\/div>\n\t\t\t\t<div class=\"elementor-element elementor-element-95f00e4 elementor-widget elementor-widget-heading\" data-id=\"95f00e4\" data-element_type=\"widget\" data-widget_type=\"heading.default\">\n\t\t\t\t<div class=\"elementor-widget-container\">\n\t\t\t<h2 class=\"elementor-heading-title elementor-size-default\">Por persona<\/h2>\t\t<\/div>\n\t\t\t\t<\/div>\n\t\t\t\t<div class=\"elementor-element elementor-element-e3a7312 elementor-icon-list--layout-inline elementor-list-item-link-full_width elementor-widget elementor-widget-icon-list\" data-id=\"e3a7312\" data-element_type=\"widget\" data-widget_type=\"icon-list.default\">\n\t\t\t\t<div class=\"elementor-widget-container\">\n\t\t\t\t\t<ul class=\"elementor-icon-list-items elementor-inline-items\">\n\t\t\t\t\t\t\t<li class=\"elementor-icon-list-item elementor-inline-item\">\n\t\t\t\t\t\t\t\t\t\t\t<span class=\"elementor-icon-list-icon\">\n\t\t\t\t\t\t\t<i aria-hidden=\"true\" class=\"fas fa-check\"><\/i>\t\t\t\t\t\t<\/span>\n\t\t\t\t\t\t\t\t\t\t<span class=\"elementor-icon-list-text\">4 noches<\/span>\n\t\t\t\t\t\t\t\t\t<\/li>\n\t\t\t\t\t\t\t\t<li class=\"elementor-icon-list-item elementor-inline-item\">\n\t\t\t\t\t\t\t\t\t\t\t<span class=\"elementor-icon-list-icon\">\n\t\t\t\t\t\t\t<i aria-hidden=\"true\" class=\"fas fa-times\"><\/i>\t\t\t\t\t\t<\/span>\n\t\t\t\t\t\t\t\t\t\t<span class=\"elementor-icon-list-text\">List Item #2<\/span>\n\t\t\t\t\t\t\t\t\t<\/li>\n\t\t\t\t\t\t\t\t<li class=\"elementor-icon-list-item elementor-inline-item\">\n\t\t\t\t\t\t\t\t\t\t\t<span class=\"elementor-icon-list-icon\">\n\t\t\t\t\t\t\t<i aria-hidden=\"true\" class=\"fas fa-dot-circle\"><\/i>\t\t\t\t\t\t<\/span>\n\t\t\t\t\t\t\t\t\t\t<span class=\"elementor-icon-list-text\">List Item #3<\/span>\n\t\t\t\t\t\t\t\t\t<\/li>\n\t\t\t\t\t\t<\/ul>\n\t\t\t\t<\/div>\n\t\t\t\t<\/div>\n\t\t\t\t<\/div>\n\t\t\t\t\t<\/div>\n\t\t\t\t<\/div>\n\t\t\t\t\t\t\t<\/div>\n\t\t","protected":false},"excerpt":{"rendered":"<p>Excursi\u00f3n Veracruz Trip Overview \u00a1Explora las profundidades del Golfo de M\u00e9xico con nuestra emocionante excursi\u00f3n de buceo en Veracruz! Sum\u00e9rgete en las aguas cristalinas y descubre un mundo submarino lleno de coloridos arrecifes de coral, fascinantes criaturas marinas y antiguos naufragios. Nuestro itinerario de buceo te llevar\u00e1 a los espectaculares Arrecifes de Veracruz y al [&hellip;]<\/p>\n","protected":false},"author":2,"featured_media":0,"parent":0,"menu_order":0,"comment_status":"closed","ping_status":"closed","template":"elementor_header_footer","meta":{"footnotes":""},"acf":[],"jetpack_sharing_enabled":true,"_links":{"self":[{"href":"https:\/\/radicalreality.org\/index.php\/wp-json\/wp\/v2\/pages\/1092"}],"collection":[{"href":"https:\/\/radicalreality.org\/index.php\/wp-json\/wp\/v2\/pages"}],"about":[{"href":"https:\/\/radicalreality.org\/index.php\/wp-json\/wp\/v2\/types\/page"}],"author":[{"embeddable":true,"href":"https:\/\/radicalreality.org\/index.php\/wp-json\/wp\/v2\/users\/2"}],"replies":[{"embeddable":true,"href":"https:\/\/radicalreality.org\/index.php\/wp-json\/wp\/v2\/comments?post=1092"}],"version-history":[{"count":4,"href":"https:\/\/radicalreality.org\/index.php\/wp-json\/wp\/v2\/pages\/1092\/revisions"}],"predecessor-version":[{"id":1381,"href":"https:\/\/radicalreality.org\/index.php\/wp-json\/wp\/v2\/pages\/1092\/revisions\/1381"}],"wp:attachment":[{"href":"https:\/\/radicalreality.org\/index.php\/wp-json\/wp\/v2\/media?parent=1092"}],"curies":[{"name":"wp","href":"https:\/\/api.w.org\/{rel}","templated":true}]}}