{"id":18,"date":"2023-11-07T23:36:13","date_gmt":"2023-11-07T23:36:13","guid":{"rendered":"https:\/\/radicalreality.org\/?page_id=18"},"modified":"2023-11-22T23:49:35","modified_gmt":"2023-11-22T23:49:35","slug":"inicio","status":"publish","type":"page","link":"https:\/\/radicalreality.org\/","title":{"rendered":"Inicio"},"content":{"rendered":"\t\t<div data-elementor-type=\"wp-page\" data-elementor-id=\"18\" class=\"elementor elementor-18\">\n\t\t\t\t\t\t\t\t\t<section class=\"elementor-section elementor-top-section elementor-element elementor-element-5e42a93a elementor-section-boxed elementor-section-height-default elementor-section-height-default\" data-id=\"5e42a93a\" data-element_type=\"section\">\n\t\t\t\t\t\t<div class=\"elementor-container elementor-column-gap-no\">\n\t\t\t\t\t<div class=\"elementor-column elementor-col-33 elementor-top-column elementor-element elementor-element-7d66aeb2\" data-id=\"7d66aeb2\" data-element_type=\"column\">\n\t\t\t<div class=\"elementor-column-wrap--7d66aeb2 elementor-widget-wrap elementor-element-populated\">\n\t\t\t\t\t\t\t\t<div class=\"elementor-element elementor-element-61a09aed elementor-widget elementor-widget-image\" data-id=\"61a09aed\" data-element_type=\"widget\" data-widget_type=\"image.default\">\n\t\t\t\t<div class=\"elementor-widget-container\">\n\t\t\t<style>\/*! elementor - v3.17.0 - 08-11-2023 *\/\n.elementor-widget-image{text-align:center}.elementor-widget-image a{display:inline-block}.elementor-widget-image a img[src$=\".svg\"]{width:48px}.elementor-widget-image img{vertical-align:middle;display:inline-block}<\/style>\t\t\t\t\t\t\t\t\t\t\t\t<img fetchpriority=\"high\" decoding=\"async\" width=\"683\" height=\"1024\" src=\"https:\/\/radicalreality.org\/wp-content\/uploads\/2023\/11\/shotjpg04-683x1024.jpg\" class=\"attachment-large size-large wp-image-28\" alt=\"\" srcset=\"https:\/\/radicalreality.org\/wp-content\/uploads\/2023\/11\/shotjpg04-683x1024.jpg 683w, https:\/\/radicalreality.org\/wp-content\/uploads\/2023\/11\/shotjpg04-200x300.jpg 200w, https:\/\/radicalreality.org\/wp-content\/uploads\/2023\/11\/shotjpg04-768x1151.jpg 768w, https:\/\/radicalreality.org\/wp-content\/uploads\/2023\/11\/shotjpg04-1025x1536.jpg 1025w, https:\/\/radicalreality.org\/wp-content\/uploads\/2023\/11\/shotjpg04-600x899.jpg 600w, https:\/\/radicalreality.org\/wp-content\/uploads\/2023\/11\/shotjpg04.jpg 1200w\" sizes=\"(max-width: 683px) 100vw, 683px\" \/>\t\t\t\t\t\t\t\t\t\t\t\t\t\t\t<\/div>\n\t\t\t\t<\/div>\n\t\t\t\t<div class=\"elementor-element elementor-element-cc0eef2 elementor-widget elementor-widget-heading\" data-id=\"cc0eef2\" data-element_type=\"widget\" data-widget_type=\"heading.default\">\n\t\t\t\t<div class=\"elementor-widget-container\">\n\t\t\t<style>\/*! elementor - v3.17.0 - 08-11-2023 *\/\n.elementor-heading-title{padding:0;margin:0;line-height:1}.elementor-widget-heading .elementor-heading-title[class*=elementor-size-]>a{color:inherit;font-size:inherit;line-height:inherit}.elementor-widget-heading .elementor-heading-title.elementor-size-small{font-size:15px}.elementor-widget-heading .elementor-heading-title.elementor-size-medium{font-size:19px}.elementor-widget-heading .elementor-heading-title.elementor-size-large{font-size:29px}.elementor-widget-heading .elementor-heading-title.elementor-size-xl{font-size:39px}.elementor-widget-heading .elementor-heading-title.elementor-size-xxl{font-size:59px}<\/style><h2 class=\"elementor-heading-title elementor-size-default\"><a href=\"#\">Portafolio<\/a><\/h2>\t\t<\/div>\n\t\t\t\t<\/div>\n\t\t\t\t<div class=\"elementor-element elementor-element-75b9d786 elementor-align-center elementor-widget elementor-widget-button\" data-id=\"75b9d786\" data-element_type=\"widget\" data-widget_type=\"button.default\">\n\t\t\t\t<div class=\"elementor-widget-container\">\n\t\t\t\t\t<div class=\"elementor-button-wrapper\">\n\t\t\t<a class=\"elementor-button elementor-button-link elementor-size-sm\" href=\"\/index.php\/portafolio\/\">\n\t\t\t\t\t\t<span class=\"elementor-button-content-wrapper\">\n\t\t\t\t\t\t<span class=\"elementor-button-icon elementor-align-icon-right\">\n\t\t\t\t<i aria-hidden=\"true\" class=\"icon icon-arrow-right\"><\/i>\t\t\t<\/span>\n\t\t\t\t\t\t<span class=\"elementor-button-text\">Conocer m\u00e1s<\/span>\n\t\t<\/span>\n\t\t\t\t\t<\/a>\n\t\t<\/div>\n\t\t\t\t<\/div>\n\t\t\t\t<\/div>\n\t\t\t\t\t<\/div>\n\t\t<\/div>\n\t\t\t\t<div class=\"elementor-column elementor-col-33 elementor-top-column elementor-element elementor-element-3e26c370\" data-id=\"3e26c370\" data-element_type=\"column\">\n\t\t\t<div class=\"elementor-column-wrap--3e26c370 elementor-widget-wrap elementor-element-populated\">\n\t\t\t\t\t\t\t\t<div class=\"elementor-element elementor-element-58bcaf27 elementor-widget elementor-widget-image\" data-id=\"58bcaf27\" data-element_type=\"widget\" data-widget_type=\"image.default\">\n\t\t\t\t<div class=\"elementor-widget-container\">\n\t\t\t\t\t\t\t\t\t\t\t\t\t\t\t<img decoding=\"async\" width=\"564\" height=\"1024\" src=\"https:\/\/radicalreality.org\/wp-content\/uploads\/2023\/11\/scuba-diver-in-cancun-mexico-e1687528742981-564x1024.jpg\" class=\"attachment-large size-large wp-image-29\" alt=\"\" srcset=\"https:\/\/radicalreality.org\/wp-content\/uploads\/2023\/11\/scuba-diver-in-cancun-mexico-e1687528742981-564x1024.jpg 564w, https:\/\/radicalreality.org\/wp-content\/uploads\/2023\/11\/scuba-diver-in-cancun-mexico-e1687528742981-165x300.jpg 165w, https:\/\/radicalreality.org\/wp-content\/uploads\/2023\/11\/scuba-diver-in-cancun-mexico-e1687528742981-600x1090.jpg 600w, https:\/\/radicalreality.org\/wp-content\/uploads\/2023\/11\/scuba-diver-in-cancun-mexico-e1687528742981.jpg 735w\" sizes=\"(max-width: 564px) 100vw, 564px\" \/>\t\t\t\t\t\t\t\t\t\t\t\t\t\t\t<\/div>\n\t\t\t\t<\/div>\n\t\t\t\t<div class=\"elementor-element elementor-element-5ca4a407 elementor-widget elementor-widget-heading\" data-id=\"5ca4a407\" data-element_type=\"widget\" data-widget_type=\"heading.default\">\n\t\t\t\t<div class=\"elementor-widget-container\">\n\t\t\t<h2 class=\"elementor-heading-title elementor-size-default\"><a href=\"#\">Excursiones<\/a><\/h2>\t\t<\/div>\n\t\t\t\t<\/div>\n\t\t\t\t<div class=\"elementor-element elementor-element-45eb59a3 elementor-align-center elementor-widget elementor-widget-button\" data-id=\"45eb59a3\" data-element_type=\"widget\" data-widget_type=\"button.default\">\n\t\t\t\t<div class=\"elementor-widget-container\">\n\t\t\t\t\t<div class=\"elementor-button-wrapper\">\n\t\t\t<a class=\"elementor-button elementor-button-link elementor-size-sm\" href=\"\/index.php\/excursiones\/\">\n\t\t\t\t\t\t<span class=\"elementor-button-content-wrapper\">\n\t\t\t\t\t\t<span class=\"elementor-button-icon elementor-align-icon-right\">\n\t\t\t\t<i aria-hidden=\"true\" class=\"icon icon-arrow-right\"><\/i>\t\t\t<\/span>\n\t\t\t\t\t\t<span class=\"elementor-button-text\">Conocer m\u00e1s<\/span>\n\t\t<\/span>\n\t\t\t\t\t<\/a>\n\t\t<\/div>\n\t\t\t\t<\/div>\n\t\t\t\t<\/div>\n\t\t\t\t\t<\/div>\n\t\t<\/div>\n\t\t\t\t<div class=\"elementor-column elementor-col-33 elementor-top-column elementor-element elementor-element-7ee692d0\" data-id=\"7ee692d0\" data-element_type=\"column\">\n\t\t\t<div class=\"elementor-column-wrap--7ee692d0 elementor-widget-wrap elementor-element-populated\">\n\t\t\t\t\t\t\t\t<div class=\"elementor-element elementor-element-3740d202 elementor-widget elementor-widget-image\" data-id=\"3740d202\" data-element_type=\"widget\" data-widget_type=\"image.default\">\n\t\t\t\t<div class=\"elementor-widget-container\">\n\t\t\t\t\t\t\t\t\t\t\t\t\t\t\t<img decoding=\"async\" width=\"614\" height=\"1024\" src=\"https:\/\/radicalreality.org\/wp-content\/uploads\/2023\/11\/mexican-lady-e1687528477685-614x1024.jpg\" class=\"attachment-large size-large wp-image-30\" alt=\"\" srcset=\"https:\/\/radicalreality.org\/wp-content\/uploads\/2023\/11\/mexican-lady-e1687528477685-614x1024.jpg 614w, https:\/\/radicalreality.org\/wp-content\/uploads\/2023\/11\/mexican-lady-e1687528477685-180x300.jpg 180w, https:\/\/radicalreality.org\/wp-content\/uploads\/2023\/11\/mexican-lady-e1687528477685-768x1280.jpg 768w, https:\/\/radicalreality.org\/wp-content\/uploads\/2023\/11\/mexican-lady-e1687528477685-922x1536.jpg 922w, https:\/\/radicalreality.org\/wp-content\/uploads\/2023\/11\/mexican-lady-e1687528477685-600x1000.jpg 600w, https:\/\/radicalreality.org\/wp-content\/uploads\/2023\/11\/mexican-lady-e1687528477685.jpg 1200w\" sizes=\"(max-width: 614px) 100vw, 614px\" \/>\t\t\t\t\t\t\t\t\t\t\t\t\t\t\t<\/div>\n\t\t\t\t<\/div>\n\t\t\t\t<div class=\"elementor-element elementor-element-6394c033 elementor-widget elementor-widget-heading\" data-id=\"6394c033\" data-element_type=\"widget\" data-widget_type=\"heading.default\">\n\t\t\t\t<div class=\"elementor-widget-container\">\n\t\t\t<h2 class=\"elementor-heading-title elementor-size-default\"><a href=\"#\">The brust project<\/a><\/h2>\t\t<\/div>\n\t\t\t\t<\/div>\n\t\t\t\t<div class=\"elementor-element elementor-element-46357d4e elementor-align-center elementor-widget elementor-widget-button\" data-id=\"46357d4e\" data-element_type=\"widget\" data-widget_type=\"button.default\">\n\t\t\t\t<div class=\"elementor-widget-container\">\n\t\t\t\t\t<div class=\"elementor-button-wrapper\">\n\t\t\t<a class=\"elementor-button elementor-button-link elementor-size-sm\" href=\"\/index.php\/the-brust-project\/\">\n\t\t\t\t\t\t<span class=\"elementor-button-content-wrapper\">\n\t\t\t\t\t\t<span class=\"elementor-button-icon elementor-align-icon-right\">\n\t\t\t\t<i aria-hidden=\"true\" class=\"icon icon-arrow-right\"><\/i>\t\t\t<\/span>\n\t\t\t\t\t\t<span class=\"elementor-button-text\">Conocer m\u00e1s<\/span>\n\t\t<\/span>\n\t\t\t\t\t<\/a>\n\t\t<\/div>\n\t\t\t\t<\/div>\n\t\t\t\t<\/div>\n\t\t\t\t\t<\/div>\n\t\t<\/div>\n\t\t\t\t\t\t\t<\/div>\n\t\t<\/section>\n\t\t\t\t\t\t\t<\/div>\n\t\t","protected":false},"excerpt":{"rendered":"<p>Portafolio Conocer m\u00e1s Excursiones Conocer m\u00e1s The brust project Conocer m\u00e1s<\/p>\n","protected":false},"author":1,"featured_media":0,"parent":0,"menu_order":0,"comment_status":"closed","ping_status":"closed","template":"template-builder-stretch.php","meta":{"footnotes":""},"acf":[],"jetpack_sharing_enabled":true,"_links":{"self":[{"href":"https:\/\/radicalreality.org\/index.php\/wp-json\/wp\/v2\/pages\/18"}],"collection":[{"href":"https:\/\/radicalreality.org\/index.php\/wp-json\/wp\/v2\/pages"}],"about":[{"href":"https:\/\/radicalreality.org\/index.php\/wp-json\/wp\/v2\/types\/page"}],"author":[{"embeddable":true,"href":"https:\/\/radicalreality.org\/index.php\/wp-json\/wp\/v2\/users\/1"}],"replies":[{"embeddable":true,"href":"https:\/\/radicalreality.org\/index.php\/wp-json\/wp\/v2\/comments?post=18"}],"version-history":[{"count":22,"href":"https:\/\/radicalreality.org\/index.php\/wp-json\/wp\/v2\/pages\/18\/revisions"}],"predecessor-version":[{"id":1205,"href":"https:\/\/radicalreality.org\/index.php\/wp-json\/wp\/v2\/pages\/18\/revisions\/1205"}],"wp:attachment":[{"href":"https:\/\/radicalreality.org\/index.php\/wp-json\/wp\/v2\/media?parent=18"}],"curies":[{"name":"wp","href":"https:\/\/api.w.org\/{rel}","templated":true}]}}